{"id":6,"date":"2011-12-13T15:49:27","date_gmt":"2011-12-13T15:49:27","guid":{"rendered":"http:\/\/www.mecanizadosaxpe.com\/?page_id=6"},"modified":"2016-05-09T08:32:11","modified_gmt":"2016-05-09T08:32:11","slug":"que-hacemos","status":"publish","type":"page","link":"https:\/\/www.mecanizadosaxpe.com\/es\/que-hacemos\/","title":{"rendered":"Qu\u00e9 hacemos"},"content":{"rendered":"<p>Axpe Mecanizados S.L damos soluciones integrales en mecanizado. Dichas soluciones son fruto de tecnolog\u00eda CNC y programas CAD\/CAM 2D y 3D. Trabajamos para los siguientes sectores: <a href=\"http:\/\/www.mecanizadosaxpe.com\/wp-content\/uploads\/2011\/12\/quehacemos2.jpg\"><img loading=\"lazy\" decoding=\"async\" class=\"aligncenter size-full wp-image-299\" title=\"quehacemos\" src=\"http:\/\/www.mecanizadosaxpe.com\/wp-content\/uploads\/2011\/12\/quehacemos2.jpg\" alt=\"\" width=\"865\" height=\"200\" srcset=\"https:\/\/www.mecanizadosaxpe.com\/wp-content\/uploads\/2011\/12\/quehacemos2.jpg 865w, https:\/\/www.mecanizadosaxpe.com\/wp-content\/uploads\/2011\/12\/quehacemos2-300x69.jpg 300w, https:\/\/www.mecanizadosaxpe.com\/wp-content\/uploads\/2011\/12\/quehacemos2-500x115.jpg 500w\" sizes=\"auto, (max-width: 865px) 100vw, 865px\" \/><\/a><\/p>\n<ul>\n<li><strong>Automoci\u00f3n<\/strong>: \u00datiles, prototipos y postizos para moldes.<\/li>\n<li><strong>Herramienta, utillaje y matricer\u00eda<\/strong>: Punzones y matrices para forja y fundici\u00f3n.<\/li>\n<li><strong>Aeron\u00e1utica<\/strong>: Mecanizado de componentes.<\/li>\n<li><strong>Prototipos<\/strong>: Mecanizados de piezas complejas, partiendo de dise\u00f1o CAD en diferentes formatos.<\/li>\n<li><strong>Sector energ\u00e9tico<\/strong>: Desarrollo de piezas para el sector fotovoltaico, hidr\u00e1ulico, e\u00f3lico.<\/li>\n<li><strong>M\u00e1quina herramienta<\/strong>: Conjuntos y componentes para todo tipo de maquinaria.<\/li>\n<li><strong>Ferrocarril<\/strong>: Fabricaci\u00f3n de conjuntos y componentes de piezas.<\/li>\n<li><strong>Elevaci\u00f3n<\/strong>: Fabricaci\u00f3n de componentes y piezas de seguridad.<\/li>\n<\/ul>\n<p>Trabajamos <strong>todo tipo de materiales<\/strong>:<\/p>\n<ul>\n<li>Materiales innovadores que ofrecen unas caracter\u00edsticas f\u00edsicas distintas seg\u00fan necesidades y aplicaciones.<\/li>\n<li>Materiales templados (nivel de dureza de hasta 60HRC)<\/li>\n<\/ul>\n<p><a title=\"c\u00f3mo lo hacemos\" href=\"http:\/\/www.mecanizadosaxpe.com\/es\/medios-productivos\/\">\u00bfQuieres conocer como trabajamos?<\/a><\/p>","protected":false},"excerpt":{"rendered":"<p>Axpe Mecanizados S.L damos soluciones integrales en mecanizado. Dichas soluciones son fruto de tecnolog\u00eda CNC y programas CAD\/CAM 2D y 3D. Trabajamos para los siguientes sectores: Automoci\u00f3n: \u00datiles, prototipos y postizos para moldes. Herramienta, utillaje y matricer\u00eda: Punzones y matrices &hellip; <a href=\"https:\/\/www.mecanizadosaxpe.com\/es\/que-hacemos\/\">Sigue leyendo <span class=\"meta-nav\">&rarr;<\/span><\/a><\/p>\n","protected":false},"author":2,"featured_media":0,"parent":0,"menu_order":0,"comment_status":"open","ping_status":"closed","template":"content-page-sinplea.php","meta":{"footnotes":""},"class_list":["post-6","page","type-page","status-publish","hentry"],"yoast_head":"<!-- This site is optimized with the Yoast SEO plugin v27.4 - https:\/\/yoast.com\/product\/yoast-seo-wordpress\/ -->\n<title>Qu\u00e9 hacemos - Mecanizados Axpe<\/title>\n<meta name=\"robots\" content=\"index, follow, max-snippet:-1, max-image-preview:large, max-video-preview:-1\" \/>\n<link rel=\"canonical\" href=\"https:\/\/mecanizadosaxpe.com\/en\/what-we-do\/\" \/>\n<meta property=\"og:locale\" content=\"es_ES\" \/>\n<meta property=\"og:type\" content=\"article\" \/>\n<meta property=\"og:title\" content=\"Qu\u00e9 hacemos - Mecanizados Axpe\" \/>\n<meta property=\"og:description\" content=\"Axpe Mecanizados S.L damos soluciones integrales en mecanizado. Dichas soluciones son fruto de tecnolog\u00eda CNC y programas CAD\/CAM 2D y 3D. Trabajamos para los siguientes sectores: Automoci\u00f3n: \u00datiles, prototipos y postizos para moldes. Herramienta, utillaje y matricer\u00eda: Punzones y matrices &hellip; Sigue leyendo &rarr;\" \/>\n<meta property=\"og:url\" content=\"https:\/\/mecanizadosaxpe.com\/en\/what-we-do\/\" \/>\n<meta property=\"og:site_name\" content=\"Mecanizados Axpe\" \/>\n<meta property=\"article:modified_time\" content=\"2016-05-09T08:32:11+00:00\" \/>\n<meta property=\"og:image\" content=\"http:\/\/www.mecanizadosaxpe.com\/wp-content\/uploads\/2011\/12\/quehacemos2.jpg\" \/>\n<meta name=\"twitter:card\" content=\"summary_large_image\" \/>\n<meta name=\"twitter:label1\" content=\"Est. reading time\" \/>\n\t<meta name=\"twitter:data1\" content=\"2 minutos\" \/>\n<script type=\"application\/ld+json\" class=\"yoast-schema-graph\">{\"@context\":\"https:\\\/\\\/schema.org\",\"@graph\":[{\"@type\":\"WebPage\",\"@id\":\"https:\\\/\\\/mecanizadosaxpe.com\\\/en\\\/what-we-do\\\/\",\"url\":\"https:\\\/\\\/mecanizadosaxpe.com\\\/en\\\/what-we-do\\\/\",\"name\":\"Qu\u00e9 hacemos - Mecanizados Axpe\",\"isPartOf\":{\"@id\":\"https:\\\/\\\/www.mecanizadosaxpe.com\\\/eu\\\/#website\"},\"primaryImageOfPage\":{\"@id\":\"https:\\\/\\\/mecanizadosaxpe.com\\\/en\\\/what-we-do\\\/#primaryimage\"},\"image\":{\"@id\":\"https:\\\/\\\/mecanizadosaxpe.com\\\/en\\\/what-we-do\\\/#primaryimage\"},\"thumbnailUrl\":\"http:\\\/\\\/www.mecanizadosaxpe.com\\\/wp-content\\\/uploads\\\/2011\\\/12\\\/quehacemos2.jpg\",\"datePublished\":\"2011-12-13T15:49:27+00:00\",\"dateModified\":\"2016-05-09T08:32:11+00:00\",\"breadcrumb\":{\"@id\":\"https:\\\/\\\/mecanizadosaxpe.com\\\/en\\\/what-we-do\\\/#breadcrumb\"},\"inLanguage\":\"es\",\"potentialAction\":[{\"@type\":\"ReadAction\",\"target\":[\"https:\\\/\\\/mecanizadosaxpe.com\\\/en\\\/what-we-do\\\/\"]}]},{\"@type\":\"ImageObject\",\"inLanguage\":\"es\",\"@id\":\"https:\\\/\\\/mecanizadosaxpe.com\\\/en\\\/what-we-do\\\/#primaryimage\",\"url\":\"http:\\\/\\\/www.mecanizadosaxpe.com\\\/wp-content\\\/uploads\\\/2011\\\/12\\\/quehacemos2.jpg\",\"contentUrl\":\"http:\\\/\\\/www.mecanizadosaxpe.com\\\/wp-content\\\/uploads\\\/2011\\\/12\\\/quehacemos2.jpg\"},{\"@type\":\"BreadcrumbList\",\"@id\":\"https:\\\/\\\/mecanizadosaxpe.com\\\/en\\\/what-we-do\\\/#breadcrumb\",\"itemListElement\":[{\"@type\":\"ListItem\",\"position\":1,\"name\":\"Portada\",\"item\":\"https:\\\/\\\/www.mecanizadosaxpe.com\\\/eu\\\/\"},{\"@type\":\"ListItem\",\"position\":2,\"name\":\"What we do\"}]},{\"@type\":\"WebSite\",\"@id\":\"https:\\\/\\\/www.mecanizadosaxpe.com\\\/eu\\\/#website\",\"url\":\"https:\\\/\\\/www.mecanizadosaxpe.com\\\/eu\\\/\",\"name\":\"Mecanizados Axpe\",\"description\":\"\",\"potentialAction\":[{\"@type\":\"SearchAction\",\"target\":{\"@type\":\"EntryPoint\",\"urlTemplate\":\"https:\\\/\\\/www.mecanizadosaxpe.com\\\/eu\\\/?s={search_term_string}\"},\"query-input\":{\"@type\":\"PropertyValueSpecification\",\"valueRequired\":true,\"valueName\":\"search_term_string\"}}],\"inLanguage\":\"es\"}]}<\/script>\n<!-- \/ Yoast SEO plugin. -->","yoast_head_json":{"title":"Qu\u00e9 hacemos - Mecanizados Axpe","robots":{"index":"index","follow":"follow","max-snippet":"max-snippet:-1","max-image-preview":"max-image-preview:large","max-video-preview":"max-video-preview:-1"},"canonical":"https:\/\/mecanizadosaxpe.com\/en\/what-we-do\/","og_locale":"es_ES","og_type":"article","og_title":"Qu\u00e9 hacemos - Mecanizados Axpe","og_description":"Axpe Mecanizados S.L damos soluciones integrales en mecanizado. Dichas soluciones son fruto de tecnolog\u00eda CNC y programas CAD\/CAM 2D y 3D. Trabajamos para los siguientes sectores: Automoci\u00f3n: \u00datiles, prototipos y postizos para moldes. Herramienta, utillaje y matricer\u00eda: Punzones y matrices &hellip; Sigue leyendo &rarr;","og_url":"https:\/\/mecanizadosaxpe.com\/en\/what-we-do\/","og_site_name":"Mecanizados Axpe","article_modified_time":"2016-05-09T08:32:11+00:00","og_image":[{"url":"http:\/\/www.mecanizadosaxpe.com\/wp-content\/uploads\/2011\/12\/quehacemos2.jpg","type":"","width":"","height":""}],"twitter_card":"summary_large_image","twitter_misc":{"Est. reading time":"2 minutos"},"schema":{"@context":"https:\/\/schema.org","@graph":[{"@type":"WebPage","@id":"https:\/\/mecanizadosaxpe.com\/en\/what-we-do\/","url":"https:\/\/mecanizadosaxpe.com\/en\/what-we-do\/","name":"Qu\u00e9 hacemos - Mecanizados Axpe","isPartOf":{"@id":"https:\/\/www.mecanizadosaxpe.com\/eu\/#website"},"primaryImageOfPage":{"@id":"https:\/\/mecanizadosaxpe.com\/en\/what-we-do\/#primaryimage"},"image":{"@id":"https:\/\/mecanizadosaxpe.com\/en\/what-we-do\/#primaryimage"},"thumbnailUrl":"http:\/\/www.mecanizadosaxpe.com\/wp-content\/uploads\/2011\/12\/quehacemos2.jpg","datePublished":"2011-12-13T15:49:27+00:00","dateModified":"2016-05-09T08:32:11+00:00","breadcrumb":{"@id":"https:\/\/mecanizadosaxpe.com\/en\/what-we-do\/#breadcrumb"},"inLanguage":"es","potentialAction":[{"@type":"ReadAction","target":["https:\/\/mecanizadosaxpe.com\/en\/what-we-do\/"]}]},{"@type":"ImageObject","inLanguage":"es","@id":"https:\/\/mecanizadosaxpe.com\/en\/what-we-do\/#primaryimage","url":"http:\/\/www.mecanizadosaxpe.com\/wp-content\/uploads\/2011\/12\/quehacemos2.jpg","contentUrl":"http:\/\/www.mecanizadosaxpe.com\/wp-content\/uploads\/2011\/12\/quehacemos2.jpg"},{"@type":"BreadcrumbList","@id":"https:\/\/mecanizadosaxpe.com\/en\/what-we-do\/#breadcrumb","itemListElement":[{"@type":"ListItem","position":1,"name":"Portada","item":"https:\/\/www.mecanizadosaxpe.com\/eu\/"},{"@type":"ListItem","position":2,"name":"What we do"}]},{"@type":"WebSite","@id":"https:\/\/www.mecanizadosaxpe.com\/eu\/#website","url":"https:\/\/www.mecanizadosaxpe.com\/eu\/","name":"Mecanizados Axpe","description":"","potentialAction":[{"@type":"SearchAction","target":{"@type":"EntryPoint","urlTemplate":"https:\/\/www.mecanizadosaxpe.com\/eu\/?s={search_term_string}"},"query-input":{"@type":"PropertyValueSpecification","valueRequired":true,"valueName":"search_term_string"}}],"inLanguage":"es"}]}},"_links":{"self":[{"href":"https:\/\/www.mecanizadosaxpe.com\/es\/wp-json\/wp\/v2\/pages\/6","targetHints":{"allow":["GET"]}}],"collection":[{"href":"https:\/\/www.mecanizadosaxpe.com\/es\/wp-json\/wp\/v2\/pages"}],"about":[{"href":"https:\/\/www.mecanizadosaxpe.com\/es\/wp-json\/wp\/v2\/types\/page"}],"author":[{"embeddable":true,"href":"https:\/\/www.mecanizadosaxpe.com\/es\/wp-json\/wp\/v2\/users\/2"}],"replies":[{"embeddable":true,"href":"https:\/\/www.mecanizadosaxpe.com\/es\/wp-json\/wp\/v2\/comments?post=6"}],"version-history":[{"count":36,"href":"https:\/\/www.mecanizadosaxpe.com\/es\/wp-json\/wp\/v2\/pages\/6\/revisions"}],"predecessor-version":[{"id":437,"href":"https:\/\/www.mecanizadosaxpe.com\/es\/wp-json\/wp\/v2\/pages\/6\/revisions\/437"}],"wp:attachment":[{"href":"https:\/\/www.mecanizadosaxpe.com\/es\/wp-json\/wp\/v2\/media?parent=6"}],"curies":[{"name":"wp","href":"https:\/\/api.w.org\/{rel}","templated":true}]}}