{"id":20,"date":"2011-12-13T16:25:15","date_gmt":"2011-12-13T16:25:15","guid":{"rendered":"http:\/\/www.mecanizadosaxpe.com\/?page_id=20"},"modified":"2016-05-09T12:54:16","modified_gmt":"2016-05-09T12:54:16","slug":"mapa-web","status":"publish","type":"page","link":"https:\/\/www.mecanizadosaxpe.com\/es\/mapa-web\/","title":{"rendered":"Mapa web"},"content":{"rendered":"<p>Estos son los contenidos del sitio web <a href=\"http:\/\/www.mecanizadosaxpe.com\/es\/\">www.axpemecanizados.com<\/a> de AXPE MECANIZADOS S.L<\/p>\n<ul>\n<li><a href=\"http:\/\/www.mecanizadosaxpe.com\/es\/\">P\u00e1gina de inicio<\/a><\/li>\n<li><a title=\"Quienes somos\" href=\"http:\/\/www.mecanizadosaxpe.com\/es\/quienes-somos\/\">Quienes somos<\/a><\/li>\n<li><a title=\"Qu\u00e9 hacemos\" href=\"http:\/\/www.mecanizadosaxpe.com\/es\/que-hacemos\/\">Que hacemos<\/a><\/li>\n<li><a title=\"Medios productivos\" href=\"http:\/\/www.mecanizadosaxpe.com\/es\/medios-productivos\/\">Medios productivos<\/a><\/li>\n<li><a title=\"Innovaci\u00f3n y calidad\" href=\"http:\/\/www.mecanizadosaxpe.com\/es\/innovacion-calidad\/\">Innovaci\u00f3n y calidad<\/a><\/li>\n<li><a title=\"localizaci\u00f3n y contacto\" href=\"http:\/\/www.mecanizadosaxpe.com\/es\/localizacion-contacto\/\">Localizaci\u00f3n y contacto<\/a><\/li>\n<li><a title=\"Informaci\u00f3n legal\" href=\"http:\/\/www.mecanizadosaxpe.com\/es\/informacion-legal\/\">Informaci\u00f3n legal<\/a><\/li>\n<li>Mapa web<\/li>\n<\/ul>\n<p><\/p>","protected":false},"excerpt":{"rendered":"<p>Estos son los contenidos del sitio web www.axpemecanizados.com de AXPE MECANIZADOS S.L P\u00e1gina de inicio Quienes somos Que hacemos Medios productivos Innovaci\u00f3n y calidad Localizaci\u00f3n y contacto Informaci\u00f3n legal Mapa web<\/p>\n","protected":false},"author":2,"featured_media":0,"parent":0,"menu_order":0,"comment_status":"closed","ping_status":"closed","template":"content-page-sinplea.php","meta":{"footnotes":""},"class_list":["post-20","page","type-page","status-publish","hentry"],"yoast_head":"<!-- This site is optimized with the Yoast SEO plugin v25.4 - https:\/\/yoast.com\/wordpress\/plugins\/seo\/ -->\n<title>Mapa web - Mecanizados Axpe<\/title>\n<meta name=\"robots\" content=\"noindex, follow\" \/>\n<meta property=\"og:locale\" content=\"es_ES\" \/>\n<meta property=\"og:type\" content=\"article\" \/>\n<meta property=\"og:title\" content=\"Mapa web - Mecanizados Axpe\" \/>\n<meta property=\"og:description\" content=\"Estos son los contenidos del sitio web www.axpemecanizados.com de AXPE MECANIZADOS S.L P\u00e1gina de inicio Quienes somos Que hacemos Medios productivos Innovaci\u00f3n y calidad Localizaci\u00f3n y contacto Informaci\u00f3n legal Mapa web\" \/>\n<meta property=\"og:url\" content=\"https:\/\/www.mecanizadosaxpe.com\/en\/web-map\/\" \/>\n<meta property=\"og:site_name\" content=\"Mecanizados Axpe\" \/>\n<meta property=\"article:modified_time\" content=\"2016-05-09T12:54:16+00:00\" \/>\n<meta name=\"twitter:card\" content=\"summary_large_image\" \/>\n<script type=\"application\/ld+json\" class=\"yoast-schema-graph\">{\"@context\":\"https:\/\/schema.org\",\"@graph\":[{\"@type\":\"WebPage\",\"@id\":\"https:\/\/www.mecanizadosaxpe.com\/en\/web-map\/\",\"url\":\"https:\/\/www.mecanizadosaxpe.com\/en\/web-map\/\",\"name\":\"Mapa web - Mecanizados Axpe\",\"isPartOf\":{\"@id\":\"https:\/\/www.mecanizadosaxpe.com\/en\/#website\"},\"datePublished\":\"2011-12-13T16:25:15+00:00\",\"dateModified\":\"2016-05-09T12:54:16+00:00\",\"breadcrumb\":{\"@id\":\"https:\/\/www.mecanizadosaxpe.com\/en\/web-map\/#breadcrumb\"},\"inLanguage\":\"es\",\"potentialAction\":[{\"@type\":\"ReadAction\",\"target\":[\"https:\/\/www.mecanizadosaxpe.com\/en\/web-map\/\"]}]},{\"@type\":\"BreadcrumbList\",\"@id\":\"https:\/\/www.mecanizadosaxpe.com\/en\/web-map\/#breadcrumb\",\"itemListElement\":[{\"@type\":\"ListItem\",\"position\":1,\"name\":\"Portada\",\"item\":\"https:\/\/www.mecanizadosaxpe.com\/en\/\"},{\"@type\":\"ListItem\",\"position\":2,\"name\":\"Web map\"}]},{\"@type\":\"WebSite\",\"@id\":\"https:\/\/www.mecanizadosaxpe.com\/en\/#website\",\"url\":\"https:\/\/www.mecanizadosaxpe.com\/en\/\",\"name\":\"Mecanizados Axpe\",\"description\":\"\",\"potentialAction\":[{\"@type\":\"SearchAction\",\"target\":{\"@type\":\"EntryPoint\",\"urlTemplate\":\"https:\/\/www.mecanizadosaxpe.com\/en\/?s={search_term_string}\"},\"query-input\":{\"@type\":\"PropertyValueSpecification\",\"valueRequired\":true,\"valueName\":\"search_term_string\"}}],\"inLanguage\":\"es\"}]}<\/script>\n<!-- \/ Yoast SEO plugin. -->","yoast_head_json":{"title":"Mapa web - Mecanizados Axpe","robots":{"index":"noindex","follow":"follow"},"og_locale":"es_ES","og_type":"article","og_title":"Mapa web - Mecanizados Axpe","og_description":"Estos son los contenidos del sitio web www.axpemecanizados.com de AXPE MECANIZADOS S.L P\u00e1gina de inicio Quienes somos Que hacemos Medios productivos Innovaci\u00f3n y calidad Localizaci\u00f3n y contacto Informaci\u00f3n legal Mapa web","og_url":"https:\/\/www.mecanizadosaxpe.com\/en\/web-map\/","og_site_name":"Mecanizados Axpe","article_modified_time":"2016-05-09T12:54:16+00:00","twitter_card":"summary_large_image","schema":{"@context":"https:\/\/schema.org","@graph":[{"@type":"WebPage","@id":"https:\/\/www.mecanizadosaxpe.com\/en\/web-map\/","url":"https:\/\/www.mecanizadosaxpe.com\/en\/web-map\/","name":"Mapa web - Mecanizados Axpe","isPartOf":{"@id":"https:\/\/www.mecanizadosaxpe.com\/en\/#website"},"datePublished":"2011-12-13T16:25:15+00:00","dateModified":"2016-05-09T12:54:16+00:00","breadcrumb":{"@id":"https:\/\/www.mecanizadosaxpe.com\/en\/web-map\/#breadcrumb"},"inLanguage":"es","potentialAction":[{"@type":"ReadAction","target":["https:\/\/www.mecanizadosaxpe.com\/en\/web-map\/"]}]},{"@type":"BreadcrumbList","@id":"https:\/\/www.mecanizadosaxpe.com\/en\/web-map\/#breadcrumb","itemListElement":[{"@type":"ListItem","position":1,"name":"Portada","item":"https:\/\/www.mecanizadosaxpe.com\/en\/"},{"@type":"ListItem","position":2,"name":"Web map"}]},{"@type":"WebSite","@id":"https:\/\/www.mecanizadosaxpe.com\/en\/#website","url":"https:\/\/www.mecanizadosaxpe.com\/en\/","name":"Mecanizados Axpe","description":"","potentialAction":[{"@type":"SearchAction","target":{"@type":"EntryPoint","urlTemplate":"https:\/\/www.mecanizadosaxpe.com\/en\/?s={search_term_string}"},"query-input":{"@type":"PropertyValueSpecification","valueRequired":true,"valueName":"search_term_string"}}],"inLanguage":"es"}]}},"_links":{"self":[{"href":"https:\/\/www.mecanizadosaxpe.com\/es\/wp-json\/wp\/v2\/pages\/20","targetHints":{"allow":["GET"]}}],"collection":[{"href":"https:\/\/www.mecanizadosaxpe.com\/es\/wp-json\/wp\/v2\/pages"}],"about":[{"href":"https:\/\/www.mecanizadosaxpe.com\/es\/wp-json\/wp\/v2\/types\/page"}],"author":[{"embeddable":true,"href":"https:\/\/www.mecanizadosaxpe.com\/es\/wp-json\/wp\/v2\/users\/2"}],"replies":[{"embeddable":true,"href":"https:\/\/www.mecanizadosaxpe.com\/es\/wp-json\/wp\/v2\/comments?post=20"}],"version-history":[{"count":20,"href":"https:\/\/www.mecanizadosaxpe.com\/es\/wp-json\/wp\/v2\/pages\/20\/revisions"}],"predecessor-version":[{"id":442,"href":"https:\/\/www.mecanizadosaxpe.com\/es\/wp-json\/wp\/v2\/pages\/20\/revisions\/442"}],"wp:attachment":[{"href":"https:\/\/www.mecanizadosaxpe.com\/es\/wp-json\/wp\/v2\/media?parent=20"}],"curies":[{"name":"wp","href":"https:\/\/api.w.org\/{rel}","templated":true}]}}